{"id":844,"date":"2025-04-08T16:04:28","date_gmt":"2025-04-08T14:04:28","guid":{"rendered":"https:\/\/lapetitechapelle.org\/?page_id=844"},"modified":"2026-04-21T16:14:16","modified_gmt":"2026-04-21T14:14:16","slug":"adherer","status":"publish","type":"page","link":"https:\/\/lapetitechapelle.org\/index.php\/adherer\/","title":{"rendered":"ADHERER"},"content":{"rendered":"\n<p>Vous pouvez nous aider \u00e0 restaurer la chapelle en adh\u00e9rant \u00e0 l&rsquo;association des amis de la chapelle Notre-Dame de Piti\u00e9 de Trouville sur Mer.<\/p>\n\n\n\n<figure class=\"wp-block-image size-full\"><a href=\"https:\/\/www.helloasso.com\/associations\/la-petite-chapelle\/adhesions\/campagne-adhesion-2026\"><img decoding=\"async\" width=\"150\" height=\"51\" src=\"https:\/\/lapetitechapelle.org\/wp-content\/uploads\/2025\/05\/Adherer.png\" alt=\"\" class=\"wp-image-997\" srcset=\"https:\/\/lapetitechapelle.org\/wp-content\/uploads\/2025\/05\/Adherer.png 150w, https:\/\/lapetitechapelle.org\/wp-content\/uploads\/2025\/05\/Adherer-50x17.png 50w\" sizes=\"(max-width: 150px) 100vw, 150px\" \/><\/a><\/figure>\n\n\n\n<div class=\"wp-block-buttons is-layout-flex wp-block-buttons-is-layout-flex\"><\/div>\n\n\n\n<p>La cotisation a \u00e9t\u00e9 fix\u00e9 \u00e0 30\u20ac pour l&rsquo;ann\u00e9e 2025.<\/p>\n\n\n\n<p>Vous pouvez \u00e9galement, si vous le souhaitez, proc\u00e9der par virement. Vous trouverez, ci-dessous, les coordonn\u00e9es bancaires de l&rsquo;association.<\/p>\n\n\n\n<figure class=\"wp-block-image size-full\"><img decoding=\"async\" width=\"70\" height=\"52\" src=\"https:\/\/lapetitechapelle.org\/wp-content\/uploads\/2025\/03\/credit-mutuel_logo.png\" alt=\"\" class=\"wp-image-675\"\/><\/figure>\n\n\n\n<p>15 rue des Bains 14360 Trouville sur Mer<br>IBAN BIC: CMCIFR2A<br><strong>FR76 1027 XXXX XXXX XXXX<\/strong><\/p>\n\n\n\n<p><\/p>\n\n\n\n<p><\/p>\n\n\n\n<figure class=\"wp-block-image size-full\"><a href=\"https:\/\/www.helloasso.com\/associations\/la-petite-chapelle\/adhesions\/campagne-adhesion-2026\"><img decoding=\"async\" width=\"150\" height=\"51\" src=\"https:\/\/lapetitechapelle.org\/wp-content\/uploads\/2025\/05\/Adherer.png\" alt=\"\" class=\"wp-image-997\" srcset=\"https:\/\/lapetitechapelle.org\/wp-content\/uploads\/2025\/05\/Adherer.png 150w, https:\/\/lapetitechapelle.org\/wp-content\/uploads\/2025\/05\/Adherer-50x17.png 50w\" sizes=\"(max-width: 150px) 100vw, 150px\" \/><\/a><\/figure>\n\n\n\n<p><\/p>\n","protected":false},"excerpt":{"rendered":"<p>Vous pouvez nous aider \u00e0 restaurer la chapelle en adh\u00e9rant \u00e0 l&rsquo;association des amis de la chapelle Notre-Dame de Piti\u00e9 de Trouville sur Mer. La cotisation a \u00e9t\u00e9 fix\u00e9 \u00e0 30\u20ac pour l&rsquo;ann\u00e9e 2025. Vous pouvez \u00e9galement, si vous le souhaitez, proc\u00e9der par virement. Vous trouverez, ci-dessous, les coordonn\u00e9es bancaires de l&rsquo;association. 15 rue des [&hellip;]<\/p>\n","protected":false},"author":1,"featured_media":0,"parent":0,"menu_order":0,"comment_status":"closed","ping_status":"closed","template":"","meta":{"footnotes":""},"class_list":["post-844","page","type-page","status-publish","hentry","post"],"_links":{"self":[{"href":"https:\/\/lapetitechapelle.org\/index.php\/wp-json\/wp\/v2\/pages\/844","targetHints":{"allow":["GET"]}}],"collection":[{"href":"https:\/\/lapetitechapelle.org\/index.php\/wp-json\/wp\/v2\/pages"}],"about":[{"href":"https:\/\/lapetitechapelle.org\/index.php\/wp-json\/wp\/v2\/types\/page"}],"author":[{"embeddable":true,"href":"https:\/\/lapetitechapelle.org\/index.php\/wp-json\/wp\/v2\/users\/1"}],"replies":[{"embeddable":true,"href":"https:\/\/lapetitechapelle.org\/index.php\/wp-json\/wp\/v2\/comments?post=844"}],"version-history":[{"count":19,"href":"https:\/\/lapetitechapelle.org\/index.php\/wp-json\/wp\/v2\/pages\/844\/revisions"}],"predecessor-version":[{"id":1056,"href":"https:\/\/lapetitechapelle.org\/index.php\/wp-json\/wp\/v2\/pages\/844\/revisions\/1056"}],"wp:attachment":[{"href":"https:\/\/lapetitechapelle.org\/index.php\/wp-json\/wp\/v2\/media?parent=844"}],"curies":[{"name":"wp","href":"https:\/\/api.w.org\/{rel}","templated":true}]}}