{"id":89,"date":"2024-12-25T09:17:38","date_gmt":"2024-12-25T08:17:38","guid":{"rendered":"https:\/\/lapetitechapelle.org\/?page_id=89"},"modified":"2025-04-19T09:30:52","modified_gmt":"2025-04-19T07:30:52","slug":"association","status":"publish","type":"page","link":"https:\/\/lapetitechapelle.org\/index.php\/association\/","title":{"rendered":"L&rsquo; Association"},"content":{"rendered":"\n<figure class=\"wp-block-image size-full\"><img fetchpriority=\"high\" decoding=\"async\" width=\"542\" height=\"655\" src=\"https:\/\/lapetitechapelle.org\/wp-content\/uploads\/2024\/12\/Chapelle-Trouville-sur-Mer.jpg\" alt=\"\" class=\"wp-image-49\" srcset=\"https:\/\/lapetitechapelle.org\/wp-content\/uploads\/2024\/12\/Chapelle-Trouville-sur-Mer.jpg 542w, https:\/\/lapetitechapelle.org\/wp-content\/uploads\/2024\/12\/Chapelle-Trouville-sur-Mer-248x300.jpg 248w\" sizes=\"(max-width: 542px) 100vw, 542px\" \/><\/figure>\n\n\n\n<p>LA PETITE CHAPELLE est une association d\u00e9di\u00e9e \u00e0 la r\u00e9novation et \u00e0 la pr\u00e9servation de la chapelle Notre-Dame de Piti\u00e9, un joyau du patrimoine de Trouville. Fond\u00e9e par des habitants passionn\u00e9s d\u2019histoire et de culture, notre mission est de sauvegarder cet \u00e9difice embl\u00e9matique afin de lui redonner toute sa splendeur et de le rendre accessible aux g\u00e9n\u00e9rations futures.<\/p>\n\n\n\n<p>Un engagement pour le patrimoine<\/p>\n\n\n\n<div class=\"wp-block-group is-nowrap is-layout-flex wp-container-core-group-is-layout-ad2f72ca wp-block-group-is-layout-flex\">\n<figure class=\"wp-block-image\"><img decoding=\"async\" src=\"https:\/\/lapetitechapelle.org\/wp-content\/uploads\/2025\/03\/LPC-3.png\" alt=\"Ic\u00f4ne du site\"\/><\/figure>\n\n\n\n<p>Nich\u00e9e au c\u0153ur de Trouville, la chapelle Notre-Dame de Piti\u00e9 est un t\u00e9moignage vivant de l\u2019histoire locale. Malheureusement, le temps et les intemp\u00e9ries ont fragilis\u00e9 sa structure et menacent son existence. Conscients de l\u2019importance de ce monument pour la m\u00e9moire collective et les trouvillais, nous avons cr\u00e9\u00e9 l&rsquo;association afin de mobiliser des ressources et des \u00e9nergies pour sa restauration.<\/p>\n<\/div>\n\n\n\n<p>Soutenir La Petite Chapelle, c\u2019est contribuer \u00e0 la sauvegarde d\u2019un h\u00e9ritage pr\u00e9cieux, mais c\u2019est aussi s\u2019engager dans un projet collectif porteur de sens. Chaque don, chaque action, chaque partage renforce notre capacit\u00e9 \u00e0 pr\u00e9server la chapelle Notre-Dame de Piti\u00e9 et \u00e0 lui offrir un avenir p\u00e9renne.<\/p>\n\n\n\n<figure class=\"wp-block-image size-full\"><img decoding=\"async\" width=\"31\" height=\"40\" src=\"https:\/\/lapetitechapelle.org\/wp-content\/uploads\/2025\/03\/Logo-LPC-tres-petit-4.png\" alt=\"\" class=\"wp-image-588\"\/><\/figure>\n\n\n\n<p>Une collecte de fonds, via le site web est mise en place.&nbsp;<\/p>\n\n\n\n<p>\u00a0Merci d\u2019adresser vos questions au secretariat @ lapetitechapelle.org<\/p>\n\n\n\n<figure class=\"wp-block-image size-full\"><img decoding=\"async\" width=\"600\" height=\"316\" src=\"https:\/\/lapetitechapelle.org\/wp-content\/uploads\/2025\/01\/membres.jpg\" alt=\"\" class=\"wp-image-400\" srcset=\"https:\/\/lapetitechapelle.org\/wp-content\/uploads\/2025\/01\/membres.jpg 600w, https:\/\/lapetitechapelle.org\/wp-content\/uploads\/2025\/01\/membres-300x158.jpg 300w\" sizes=\"(max-width: 600px) 100vw, 600px\" \/><\/figure>\n\n\n\n<p>Si\u00e8ge sociale : 32 rue de la Chapelle 14360 Trouville sur Mer<\/p>\n\n\n\n<p><\/p>\n","protected":false},"excerpt":{"rendered":"<p>LA PETITE CHAPELLE est une association d\u00e9di\u00e9e \u00e0 la r\u00e9novation et \u00e0 la pr\u00e9servation de la chapelle Notre-Dame de Piti\u00e9, un joyau du patrimoine de Trouville. Fond\u00e9e par des habitants passionn\u00e9s d\u2019histoire et de culture, notre mission est de sauvegarder cet \u00e9difice embl\u00e9matique afin de lui redonner toute sa splendeur et de le rendre accessible [&hellip;]<\/p>\n","protected":false},"author":1,"featured_media":0,"parent":0,"menu_order":0,"comment_status":"closed","ping_status":"closed","template":"","meta":{"footnotes":""},"class_list":["post-89","page","type-page","status-publish","hentry","post"],"_links":{"self":[{"href":"https:\/\/lapetitechapelle.org\/index.php\/wp-json\/wp\/v2\/pages\/89","targetHints":{"allow":["GET"]}}],"collection":[{"href":"https:\/\/lapetitechapelle.org\/index.php\/wp-json\/wp\/v2\/pages"}],"about":[{"href":"https:\/\/lapetitechapelle.org\/index.php\/wp-json\/wp\/v2\/types\/page"}],"author":[{"embeddable":true,"href":"https:\/\/lapetitechapelle.org\/index.php\/wp-json\/wp\/v2\/users\/1"}],"replies":[{"embeddable":true,"href":"https:\/\/lapetitechapelle.org\/index.php\/wp-json\/wp\/v2\/comments?post=89"}],"version-history":[{"count":29,"href":"https:\/\/lapetitechapelle.org\/index.php\/wp-json\/wp\/v2\/pages\/89\/revisions"}],"predecessor-version":[{"id":942,"href":"https:\/\/lapetitechapelle.org\/index.php\/wp-json\/wp\/v2\/pages\/89\/revisions\/942"}],"wp:attachment":[{"href":"https:\/\/lapetitechapelle.org\/index.php\/wp-json\/wp\/v2\/media?parent=89"}],"curies":[{"name":"wp","href":"https:\/\/api.w.org\/{rel}","templated":true}]}}