{"id":932,"date":"2025-04-18T19:46:10","date_gmt":"2025-04-18T17:46:10","guid":{"rendered":"https:\/\/lapetitechapelle.org\/?page_id=932"},"modified":"2025-04-18T20:09:11","modified_gmt":"2025-04-18T18:09:11","slug":"remerciements","status":"publish","type":"page","link":"https:\/\/lapetitechapelle.org\/index.php\/remerciements\/","title":{"rendered":"Remerciements"},"content":{"rendered":"\n<p>Nous tenons \u00e0 vous remercier sinc\u00e8rement pour votre g\u00e9n\u00e9reux don ou votre adh\u00e9sion \u00e0 La Petite Chapelle. Chaque geste compte, et le votre nous touche vraiment.<\/p>\n\n\n\n<p>Gr\u00e2ce \u00e0 des personnes comme vous, la petite chapelle, charg\u00e9e d&rsquo;histoire, pourra retrouver sa beaut\u00e9 et continuer d&rsquo;accueillir ceux et celles qui viennent s&rsquo;y recueillir ou plus simplement la d\u00e9couvrir.<\/p>\n\n\n<div class=\"wp-block-image\">\n<figure class=\"aligncenter size-full\"><img decoding=\"async\" width=\"31\" height=\"40\" src=\"https:\/\/lapetitechapelle.org\/wp-content\/uploads\/2025\/03\/Logo-LPC-tres-petit-4.png\" alt=\"\" class=\"wp-image-588\"\/><\/figure><\/div>\n\n<div class=\"wp-block-image\">\n<figure class=\"aligncenter size-full\"><img fetchpriority=\"high\" decoding=\"async\" width=\"424\" height=\"237\" src=\"https:\/\/lapetitechapelle.org\/wp-content\/uploads\/2025\/04\/merci-entree-trouville.png\" alt=\"\" class=\"wp-image-935\" srcset=\"https:\/\/lapetitechapelle.org\/wp-content\/uploads\/2025\/04\/merci-entree-trouville.png 424w, https:\/\/lapetitechapelle.org\/wp-content\/uploads\/2025\/04\/merci-entree-trouville-300x168.png 300w, https:\/\/lapetitechapelle.org\/wp-content\/uploads\/2025\/04\/merci-entree-trouville-50x28.png 50w\" sizes=\"(max-width: 424px) 100vw, 424px\" \/><\/figure><\/div>","protected":false},"excerpt":{"rendered":"<p>Nous tenons \u00e0 vous remercier sinc\u00e8rement pour votre g\u00e9n\u00e9reux don ou votre adh\u00e9sion \u00e0 La Petite Chapelle. Chaque geste compte, et le votre nous touche vraiment. Gr\u00e2ce \u00e0 des personnes comme vous, la petite chapelle, charg\u00e9e d&rsquo;histoire, pourra retrouver sa beaut\u00e9 et continuer d&rsquo;accueillir ceux et celles qui viennent s&rsquo;y recueillir ou plus simplement la [&hellip;]<\/p>\n","protected":false},"author":1,"featured_media":0,"parent":0,"menu_order":0,"comment_status":"closed","ping_status":"closed","template":"","meta":{"footnotes":""},"class_list":["post-932","page","type-page","status-publish","hentry","post"],"_links":{"self":[{"href":"https:\/\/lapetitechapelle.org\/index.php\/wp-json\/wp\/v2\/pages\/932","targetHints":{"allow":["GET"]}}],"collection":[{"href":"https:\/\/lapetitechapelle.org\/index.php\/wp-json\/wp\/v2\/pages"}],"about":[{"href":"https:\/\/lapetitechapelle.org\/index.php\/wp-json\/wp\/v2\/types\/page"}],"author":[{"embeddable":true,"href":"https:\/\/lapetitechapelle.org\/index.php\/wp-json\/wp\/v2\/users\/1"}],"replies":[{"embeddable":true,"href":"https:\/\/lapetitechapelle.org\/index.php\/wp-json\/wp\/v2\/comments?post=932"}],"version-history":[{"count":2,"href":"https:\/\/lapetitechapelle.org\/index.php\/wp-json\/wp\/v2\/pages\/932\/revisions"}],"predecessor-version":[{"id":937,"href":"https:\/\/lapetitechapelle.org\/index.php\/wp-json\/wp\/v2\/pages\/932\/revisions\/937"}],"wp:attachment":[{"href":"https:\/\/lapetitechapelle.org\/index.php\/wp-json\/wp\/v2\/media?parent=932"}],"curies":[{"name":"wp","href":"https:\/\/api.w.org\/{rel}","templated":true}]}}